{"id":86413,"date":"2023-10-27T14:41:11","date_gmt":"2023-10-27T12:41:11","guid":{"rendered":"https:\/\/onehealth-region.uni-greifswald.de\/?page_id=86413"},"modified":"2023-11-20T16:55:45","modified_gmt":"2023-11-20T15:55:45","slug":"impressum","status":"publish","type":"page","link":"https:\/\/onehealth-region.de\/en\/impressum\/","title":{"rendered":"Legal Notice"},"content":{"rendered":"\t\t<div data-elementor-type=\"wp-page\" data-elementor-id=\"86413\" class=\"elementor elementor-86413\" data-elementor-post-type=\"page\">\n\t\t\t\t\t\t<section class=\"elementor-section elementor-top-section elementor-element elementor-element-16cb8721 elementor-section-stretched elementor-section-boxed elementor-section-height-default elementor-section-height-default\" data-id=\"16cb8721\" data-element_type=\"section\" data-e-type=\"section\" data-settings=\"{&quot;stretch_section&quot;:&quot;section-stretched&quot;,&quot;background_background&quot;:&quot;classic&quot;,&quot;background_motion_fx_motion_fx_scrolling&quot;:&quot;yes&quot;,&quot;background_motion_fx_translateY_effect&quot;:&quot;yes&quot;,&quot;shape_divider_bottom&quot;:&quot;mountains&quot;,&quot;background_motion_fx_translateY_speed&quot;:{&quot;unit&quot;:&quot;px&quot;,&quot;size&quot;:4,&quot;sizes&quot;:[]},&quot;background_motion_fx_translateY_affectedRange&quot;:{&quot;unit&quot;:&quot;%&quot;,&quot;size&quot;:&quot;&quot;,&quot;sizes&quot;:{&quot;start&quot;:0,&quot;end&quot;:100}},&quot;background_motion_fx_devices&quot;:[&quot;desktop&quot;,&quot;tablet&quot;,&quot;mobile&quot;]}\">\n\t\t\t\t\t\t\t<div class=\"elementor-background-overlay\"><\/div>\n\t\t\t\t\t\t<div class=\"elementor-shape elementor-shape-bottom\" aria-hidden=\"true\" data-negative=\"false\">\n\t\t\t<svg xmlns=\"http:\/\/www.w3.org\/2000\/svg\" viewBox=\"0 0 1000 100\" preserveAspectRatio=\"none\">\n\t<path class=\"elementor-shape-fill\" opacity=\"0.33\" d=\"M473,67.3c-203.9,88.3-263.1-34-320.3,0C66,119.1,0,59.7,0,59.7V0h1000v59.7 c0,0-62.1,26.1-94.9,29.3c-32.8,3.3-62.8-12.3-75.8-22.1C806,49.6,745.3,8.7,694.9,4.7S492.4,59,473,67.3z\"\/>\n\t<path class=\"elementor-shape-fill\" opacity=\"0.66\" d=\"M734,67.3c-45.5,0-77.2-23.2-129.1-39.1c-28.6-8.7-150.3-10.1-254,39.1 s-91.7-34.4-149.2,0C115.7,118.3,0,39.8,0,39.8V0h1000v36.5c0,0-28.2-18.5-92.1-18.5C810.2,18.1,775.7,67.3,734,67.3z\"\/>\n\t<path class=\"elementor-shape-fill\" d=\"M766.1,28.9c-200-57.5-266,65.5-395.1,19.5C242,1.8,242,5.4,184.8,20.6C128,35.8,132.3,44.9,89.9,52.5C28.6,63.7,0,0,0,0 h1000c0,0-9.9,40.9-83.6,48.1S829.6,47,766.1,28.9z\"\/>\n<\/svg>\t\t<\/div>\n\t\t\t\t\t<div class=\"elementor-container elementor-column-gap-wider\">\n\t\t\t\t\t<div class=\"elementor-column elementor-col-100 elementor-top-column elementor-element elementor-element-6401dbdb\" data-id=\"6401dbdb\" data-element_type=\"column\" data-e-type=\"column\" data-settings=\"{&quot;background_background&quot;:&quot;classic&quot;}\">\n\t\t\t<div class=\"elementor-widget-wrap elementor-element-populated\">\n\t\t\t\t\t\t<div class=\"elementor-element elementor-element-38dc61d1 elementor-widget elementor-widget-heading\" data-id=\"38dc61d1\" data-element_type=\"widget\" data-e-type=\"widget\" data-widget_type=\"heading.default\">\n\t\t\t\t<div class=\"elementor-widget-container\">\n\t\t\t\t\t<h1 class=\"elementor-heading-title elementor-size-default\">Impressum<\/h1>\t\t\t\t<\/div>\n\t\t\t\t<\/div>\n\t\t\t\t\t<\/div>\n\t\t<\/div>\n\t\t\t\t\t<\/div>\n\t\t<\/section>\n\t\t<div class=\"elementor-element elementor-element-8eaefae e-flex e-con-boxed e-con e-parent\" data-id=\"8eaefae\" data-element_type=\"container\" data-e-type=\"container\">\n\t\t\t\t\t<div class=\"e-con-inner\">\n\t\t\t\t<div class=\"elementor-element elementor-element-23bae53 elementor-widget elementor-widget-heading\" data-id=\"23bae53\" data-element_type=\"widget\" data-e-type=\"widget\" data-widget_type=\"heading.default\">\n\t\t\t\t<div class=\"elementor-widget-container\">\n\t\t\t\t\t<h2 class=\"elementor-heading-title elementor-size-default\">Herausgeberin<\/h2>\t\t\t\t<\/div>\n\t\t\t\t<\/div>\n\t\t\t\t<div class=\"elementor-element elementor-element-fba1ea0 elementor-widget elementor-widget-text-editor\" data-id=\"fba1ea0\" data-element_type=\"widget\" data-e-type=\"widget\" data-widget_type=\"text-editor.default\">\n\t\t\t\t<div class=\"elementor-widget-container\">\n\t\t\t\t\t\t\t\t\t<header>Universit\u00e4t Greifswald<\/header><header>Gesetzlich vertreten durch die Rektorin<\/header><div><p>Prof. Dr. Katharina Riedel<br \/><em>Postanschrift:<\/em><br \/>17487 Greifswald<br \/><em>Hausanschrift:\u00a0<\/em><br \/>Domstra\u00dfe 11, Eingang 2<br \/>17489 Greifswald<br \/>Telefon +49 3834 420 0<br \/>Telefax +49 3834 420 1105<br \/><a href=\"mailto:rektorin@uni-greifswald.de\">rektorin@uni-greifswald.de<\/a><br \/>Umsatzsteuer-ID-Nummer: DE 137 584 813<\/p><\/div>\t\t\t\t\t\t\t\t<\/div>\n\t\t\t\t<\/div>\n\t\t\t\t<div class=\"elementor-element elementor-element-c493d05 elementor-widget elementor-widget-heading\" data-id=\"c493d05\" data-element_type=\"widget\" data-e-type=\"widget\" data-widget_type=\"heading.default\">\n\t\t\t\t<div class=\"elementor-widget-container\">\n\t\t\t\t\t<h2 class=\"elementor-heading-title elementor-size-default\">Aufsichtsbeh\u00f6rde<\/h2>\t\t\t\t<\/div>\n\t\t\t\t<\/div>\n\t\t\t\t<div class=\"elementor-element elementor-element-ee14d57 elementor-widget elementor-widget-text-editor\" data-id=\"ee14d57\" data-element_type=\"widget\" data-e-type=\"widget\" data-widget_type=\"text-editor.default\">\n\t\t\t\t<div class=\"elementor-widget-container\">\n\t\t\t\t\t\t\t\t\t<header>Ministerium f\u00fcr Wissenschaft,<\/header><header>Kultur, Bundes- und Europaangelegenheiten Mecklenburg-Vorpommern<br \/>Schlo\u00dfstra\u00dfe 6-8<br \/>19053 Schwerin<br \/>Telefon: 0385 588-0<br \/>Telefax: 0385 588-18099<br \/>E-Mail:\u00a0<a href=\"mailto:poststelle@em.mv-regierung.de\">poststelle@em.mv-regierung.de<\/a><\/header>\t\t\t\t\t\t\t\t<\/div>\n\t\t\t\t<\/div>\n\t\t\t\t<div class=\"elementor-element elementor-element-9a472df elementor-widget elementor-widget-heading\" data-id=\"9a472df\" data-element_type=\"widget\" data-e-type=\"widget\" data-widget_type=\"heading.default\">\n\t\t\t\t<div class=\"elementor-widget-container\">\n\t\t\t\t\t<h2 class=\"elementor-heading-title elementor-size-default\">Redaktionell verantwortlich gem\u00e4\u00df \u00a7 55 Abs. 2\u00a0RStV<\/h2>\t\t\t\t<\/div>\n\t\t\t\t<\/div>\n\t\t\t\t<div class=\"elementor-element elementor-element-e6e9489 elementor-widget elementor-widget-text-editor\" data-id=\"e6e9489\" data-element_type=\"widget\" data-e-type=\"widget\" data-widget_type=\"text-editor.default\">\n\t\t\t\t<div class=\"elementor-widget-container\">\n\t\t\t\t\t\t\t\t\t<header><span style=\"color: #333333;\">Gregor M\u00f6ller<br \/>Kommunikation und Koordination<br \/>T!Raum One-Health-Region Vorpommern<br \/>Zentrum f\u00fcr Forschungsf\u00f6rderung und Transfer (ZFF)<br \/>Universit\u00e4t Greifswald<br \/>Wollweberstra\u00dfe 1<br \/>17489 Greifswald<br \/>E-Mail: <a href=\"mailto:gregor.moeller@uni-greifswald.de\">gregor.moeller@uni-greifswald.de<\/a><\/span><\/header>\t\t\t\t\t\t\t\t<\/div>\n\t\t\t\t<\/div>\n\t\t\t\t<div class=\"elementor-element elementor-element-f03d68c elementor-widget elementor-widget-heading\" data-id=\"f03d68c\" data-element_type=\"widget\" data-e-type=\"widget\" data-widget_type=\"heading.default\">\n\t\t\t\t<div class=\"elementor-widget-container\">\n\t\t\t\t\t<h2 class=\"elementor-heading-title elementor-size-default\">Grafik- und Webdesign\n<\/h2>\t\t\t\t<\/div>\n\t\t\t\t<\/div>\n\t\t\t\t<div class=\"elementor-element elementor-element-84aa2fa elementor-widget elementor-widget-text-editor\" data-id=\"84aa2fa\" data-element_type=\"widget\" data-e-type=\"widget\" data-widget_type=\"text-editor.default\">\n\t\t\t\t<div class=\"elementor-widget-container\">\n\t\t\t\t\t\t\t\t\t<header><strong><a href=\"https:\/\/design.unahrt.de\/\" target=\"_blank\" rel=\"noopener\">UNAHRT DESIGN<\/a><\/strong><\/header><header>Hans-Fallada-Str.20<\/header><header>17489 Greifswald<\/header><header>E-Mail: info@unahrt.de<\/header>\t\t\t\t\t\t\t\t<\/div>\n\t\t\t\t<\/div>\n\t\t\t\t<div class=\"elementor-element elementor-element-1d00f42 elementor-widget elementor-widget-heading\" data-id=\"1d00f42\" data-element_type=\"widget\" data-e-type=\"widget\" data-widget_type=\"heading.default\">\n\t\t\t\t<div class=\"elementor-widget-container\">\n\t\t\t\t\t<h2 class=\"elementor-heading-title elementor-size-default\">Bildnachweis<\/h2>\t\t\t\t<\/div>\n\t\t\t\t<\/div>\n\t\t\t\t<div class=\"elementor-element elementor-element-f4cd854 elementor-widget elementor-widget-text-editor\" data-id=\"f4cd854\" data-element_type=\"widget\" data-e-type=\"widget\" data-widget_type=\"text-editor.default\">\n\t\t\t\t<div class=\"elementor-widget-container\">\n\t\t\t\t\t\t\t\t\t<header>Universit\u00e4t Greifswald, Friedrich-Loeffler-Institut Riems\/ Greifswald, Helmholtz Institut f\u00fcr Infektionsforschung Braunschweig, Helmholtz Institut f\u00fcr One Health, Universit\u00e4tsmedizin Greifswald, Leibniz Institut f\u00fcr Plasmaforschung und Technologie e.V., Alfried-Krupp-Wissenschaftskolleg Greifswald\u00a0<\/header>\t\t\t\t\t\t\t\t<\/div>\n\t\t\t\t<\/div>\n\t\t\t\t<div class=\"elementor-element elementor-element-0308349 elementor-widget elementor-widget-heading\" data-id=\"0308349\" data-element_type=\"widget\" data-e-type=\"widget\" data-widget_type=\"heading.default\">\n\t\t\t\t<div class=\"elementor-widget-container\">\n\t\t\t\t\t<h2 class=\"elementor-heading-title elementor-size-default\">Webmaster<\/h2>\t\t\t\t<\/div>\n\t\t\t\t<\/div>\n\t\t\t\t<div class=\"elementor-element elementor-element-e06c51a elementor-widget elementor-widget-text-editor\" data-id=\"e06c51a\" data-element_type=\"widget\" data-e-type=\"widget\" data-widget_type=\"text-editor.default\">\n\t\t\t\t<div class=\"elementor-widget-container\">\n\t\t\t\t\t\t\t\t\tTechnische Fragen und Anregungen zur Bedienung der Website schicken Sie bitte an: webmaster@uni-greifswald.de\n\n\t\t\t\t\t\t\t\t<\/div>\n\t\t\t\t<\/div>\n\t\t\t\t<div class=\"elementor-element elementor-element-1b1c3e4 elementor-widget elementor-widget-text-editor\" data-id=\"1b1c3e4\" data-element_type=\"widget\" data-e-type=\"widget\" data-widget_type=\"text-editor.default\">\n\t\t\t\t<div class=\"elementor-widget-container\">\n\t\t\t\t\t\t\t\t\t<header><p><strong>1. Geltungsbereich<\/strong><br \/>Dieses Impressum gilt f\u00fcr die Webseite, die durch dieses Impressum gekennzeichnet und die \u00fcber die URL\u00a0<a href=\"https:\/\/onehealth-region.uni-greifswald.de\/\">www.onehealth-region.uni-greifswald.de<\/a>\u00a0erreichbar ist.<\/p><p><strong>2. Inhalt des Onlineangebotes<\/strong><br \/>Die Universit\u00e4t Greifswald \u00fcbernimmt keinerlei Gew\u00e4hr f\u00fcr die Aktualit\u00e4t, Korrektheit, Vollst\u00e4ndigkeit oder Qualit\u00e4t der bereitgestellten Informationen. Haftungsanspr\u00fcche gegen die Universit\u00e4t, die sich auf Sch\u00e4den materieller oder ideeller Art beziehen, die durch die Nutzung oder Nichtnutzung der dargebotenen Informationen bzw. durch die Nutzung fehlerhafter und unvollst\u00e4ndiger Informationen verursacht wurden, sind grunds\u00e4tzlich ausgeschlossen, sofern seitens der Universit\u00e4t kein nachweislich vors\u00e4tzliches oder grob fahrl\u00e4ssiges Verschulden vorliegt.<br \/>Alle Angebote sind freibleibend und unverbindlich. Die Universit\u00e4t beh\u00e4lt es sich ausdr\u00fccklich vor, Teile der Seiten oder das gesamte Angebot ohne gesonderte Ank\u00fcndigung zu ver\u00e4ndern, zu erg\u00e4nzen, zu l\u00f6schen oder die Ver\u00f6ffentlichung zeitweise oder endg\u00fcltig einzustellen.<\/p><p><em>Hinweise und Korrekturen inhaltlicher Art senden Sie bitte an<\/em><br \/><a href=\"mailto:onehealth@uni-greifswald.de\">onehealth@uni-greifswald.de<\/a><\/p><p><em>Hinweise und Korrekturen technischer Art senden Sie bitte an<\/em><br \/><a href=\"mailto:webmaster@uni-greifswald.de\">webmaster@uni-greifswald.de<\/a><\/p><p><strong>3. Verweise und Links<\/strong><br \/>Bei direkten oder indirekten Verweisen auf fremde Webseiten (\u201eHyperlinks\u201c), die au\u00dferhalb des Verantwortungsbereiches der Universit\u00e4t liegen, w\u00fcrde eine Haftungsverpflichtung ausschlie\u00dflich in dem Fall in Kraft treten, in dem der\/die Autor\/in von den Inhalten Kenntnis hat und es ihm\/ihr technisch m\u00f6glich und zumutbar w\u00e4re, die Nutzung im Falle rechtswidriger Inhalte zu verhindern.\u00a0<\/p><p>Die Universit\u00e4t erkl\u00e4rt hiermit ausdr\u00fccklich, dass zum Zeitpunkt der Linksetzung keine illegalen Inhalte auf den zu verlinkenden Seiten erkennbar waren. Auf die aktuelle und zuk\u00fcnftige Gestaltung, die Inhalte oder die Urheberschaft der verlinkten\/verkn\u00fcpften Seiten hat die Universit\u00e4t keinerlei Einfluss. Deshalb distanziert sie sich hiermit ausdr\u00fccklich von allen Inhalten aller verlinkten\/verkn\u00fcpften Seiten, die nach der Linksetzung ver\u00e4ndert wurden. Diese Feststellung gilt f\u00fcr alle innerhalb des eigenen Internetangebotes gesetzten Links und Verweise sowie f\u00fcr Fremdeintr\u00e4ge in von der Universit\u00e4t eingerichteten G\u00e4steb\u00fcchern, Diskussionsforen, Linkverzeichnissen, Mailinglisten und in allen anderen Formen von Datenbanken, auf deren Inhalt externe Schreibzugriffe m\u00f6glich sind. F\u00fcr illegale, fehlerhafte oder unvollst\u00e4ndige Inhalte und insbesondere f\u00fcr Sch\u00e4den, die aus der Nutzung oder Nichtnutzung solcherart dargebotener Informationen entstehen, haftet allein der Anbieter der Seite, auf welche verwiesen wurde, nicht derjenige, der \u00fcber Links auf die jeweilige Ver\u00f6ffentlichung lediglich verweist.<\/p><p><strong>4. Urheber- und Kennzeichenrecht<\/strong><br \/>Die Universit\u00e4t ist bestrebt, in allen Publikationen die Urheberrechte der verwendeten Grafiken, Fotos, Tondokumente, Videosequenzen und Texte zu beachten, von ihm selbst erstellte Grafiken, Fotos, Tondokumente, Videosequenzen und Texte zu nutzen oder auf lizenzfreie Grafiken, Fotos, Tondokumente, Videosequenzen und Texte zur\u00fcckzugreifen.<br \/>Alle innerhalb unseres mit diesem Impressum gekennzeichneten Internetangebotes genannten und ggf. durch Dritte gesch\u00fctzten Marken- und Warenzeichen unterliegen uneingeschr\u00e4nkt den Bestimmungen des jeweils g\u00fcltigen Kennzeichenrechts und den Besitzrechten der jeweiligen eingetragenen Eigent\u00fcmer. Allein aufgrund der blo\u00dfen Nennung ist nicht der Schluss zu ziehen, dass Markenzeichen nicht durch Rechte Dritter gesch\u00fctzt sind!<br \/>Das Copyright f\u00fcr das Online-Angebot der Universit\u00e4t, das mit dem oben genannten Impressum gekennzeichnet ist, bleibt allein bei der Universit\u00e4t. Eine Vervielf\u00e4ltigung oder Verwendung der auf diesen Seiten verwendeten Grafiken, Fotos, Tondokumente, Videosequenzen und Texte in anderen elektronischen oder gedruckten Publikationen ist ohne ausdr\u00fcckliche Zustimmung der Universit\u00e4t nicht gestattet.<br \/>Unber\u00fchrt davon bleibt das \u201eKopieren\u201c der Dateien auf den eigenen Rechner, um sich die WWW-Seiten auf einem Browser anzuschauen. Ausgenommen sind ebenfalls die Pressemitteilungen der Universit\u00e4t. Sie sind dem Inhalt nach von jedermann frei und ohne besondere Genehmigung weiterverwendbar. Meldungen \u00fcber missbr\u00e4uchliche Nutzungen, die von Stationen aus dem IP-Namensbereich \u201auni-greifswald.de\u2018 ausgehen, senden Sie bitte an den Webmaster.<\/p><p><strong>5. Rechtswirksamkeit dieses Haftungsausschlusses<\/strong><br \/>Dieser Haftungsausschluss ist als Teil des Internetangebotes zu betrachten. Sofern Teile oder einzelne Formulierungen dieses Textes der geltenden Rechtslage nicht, nicht mehr oder nicht vollst\u00e4ndig entsprechen sollten, bleiben die \u00fcbrigen Teile des Dokumentes in ihrem Inhalt und ihrer G\u00fcltigkeit davon unber\u00fchrt.<\/p><p><strong>Kontakt Postanschrift<\/strong><br \/>Universit\u00e4t Greifswald<br \/>17487 Greifswald<br \/>Telefon +49 3834 420 0<br \/>Telefax +49 3834 420 1248<br \/><a><u>pressestelle@uni-greifswald.de<\/u><\/a><\/p><p><strong>Kontakt Hausanschrift<\/strong><br \/>Universit\u00e4t Greifswald<br \/>Domstra\u00dfe 11<br \/>17489 Greifswald<br \/>Telefon +49 3834 420 0<br \/>Telefax +49 3834 420 1248<br \/><a><u>pressestelle@uni-greifswald.de<\/u><\/a><\/p><\/header>\t\t\t\t\t\t\t\t<\/div>\n\t\t\t\t<\/div>\n\t\t\t\t\t<\/div>\n\t\t\t\t<\/div>\n\t\t<div class=\"elementor-element elementor-element-3adc9e6 e-flex e-con-boxed e-con e-parent\" data-id=\"3adc9e6\" data-element_type=\"container\" data-e-type=\"container\">\n\t\t\t\t\t<div class=\"e-con-inner\">\n\t\t\t\t<div class=\"elementor-element elementor-element-3c38044 elementor-widget elementor-widget-spacer\" data-id=\"3c38044\" data-element_type=\"widget\" data-e-type=\"widget\" data-widget_type=\"spacer.default\">\n\t\t\t\t<div class=\"elementor-widget-container\">\n\t\t\t\t\t\t\t<div class=\"elementor-spacer\">\n\t\t\t<div class=\"elementor-spacer-inner\"><\/div>\n\t\t<\/div>\n\t\t\t\t\t\t<\/div>\n\t\t\t\t<\/div>\n\t\t\t\t\t<\/div>\n\t\t\t\t<\/div>\n\t\t\t\t<\/div>\n\t\t","protected":false},"excerpt":{"rendered":"<p>Herausgeberin Universit\u00e4t Greifswald Gesetzlich vertreten durch die Rektorin Prof. Dr. Katharina RiedelPostanschrift:17487 GreifswaldHausanschrift:\u00a0Domstra\u00dfe 11, Eingang 217489 GreifswaldTelefon +49 3834 420 0Telefax +49 3834 420 1105rektorin@uni-greifswald.deUmsatzsteuer-ID-Nummer: DE 137 584 813 Aufsichtsbeh\u00f6rde Ministerium f\u00fcr Wissenschaft, Kultur, Bundes- und Europaangelegenheiten Mecklenburg-VorpommernSchlo\u00dfstra\u00dfe 6-819053 SchwerinTelefon: 0385 588-0Telefax: 0385 588-18099E-Mail:\u00a0poststelle@em.mv-regierung.de Redaktionell verantwortlich gem\u00e4\u00df \u00a7 55 Abs. 2\u00a0RStV Gregor M\u00f6llerKommunikation und KoordinationT!Raum&hellip;<\/p>","protected":false},"author":2,"featured_media":712,"parent":0,"menu_order":30,"comment_status":"closed","ping_status":"closed","template":"","meta":{"footnotes":""},"class_list":["post-86413","page","type-page","status-publish","has-post-thumbnail","hentry"],"_links":{"self":[{"href":"https:\/\/onehealth-region.de\/en\/wp-json\/wp\/v2\/pages\/86413","targetHints":{"allow":["GET"]}}],"collection":[{"href":"https:\/\/onehealth-region.de\/en\/wp-json\/wp\/v2\/pages"}],"about":[{"href":"https:\/\/onehealth-region.de\/en\/wp-json\/wp\/v2\/types\/page"}],"author":[{"embeddable":true,"href":"https:\/\/onehealth-region.de\/en\/wp-json\/wp\/v2\/users\/2"}],"replies":[{"embeddable":true,"href":"https:\/\/onehealth-region.de\/en\/wp-json\/wp\/v2\/comments?post=86413"}],"version-history":[{"count":0,"href":"https:\/\/onehealth-region.de\/en\/wp-json\/wp\/v2\/pages\/86413\/revisions"}],"wp:featuredmedia":[{"embeddable":true,"href":"https:\/\/onehealth-region.de\/en\/wp-json\/wp\/v2\/media\/712"}],"wp:attachment":[{"href":"https:\/\/onehealth-region.de\/en\/wp-json\/wp\/v2\/media?parent=86413"}],"curies":[{"name":"wp","href":"https:\/\/api.w.org\/{rel}","templated":true}]}}