{"id":86384,"date":"2023-10-27T11:44:32","date_gmt":"2023-10-27T09:44:32","guid":{"rendered":"https:\/\/onehealth-region.uni-greifswald.de\/?page_id=86384"},"modified":"2026-02-26T11:57:55","modified_gmt":"2026-02-26T10:57:55","slug":"datenschutz","status":"publish","type":"page","link":"https:\/\/onehealth-region.de\/en\/datenschutz\/","title":{"rendered":"Privacy and Data Protection Information"},"content":{"rendered":"\t\t<div data-elementor-type=\"wp-page\" data-elementor-id=\"86384\" class=\"elementor elementor-86384\" data-elementor-post-type=\"page\">\n\t\t\t\t\t\t<section class=\"elementor-section elementor-top-section elementor-element elementor-element-5436d8d0 elementor-section-stretched elementor-section-boxed elementor-section-height-default elementor-section-height-default\" data-id=\"5436d8d0\" data-element_type=\"section\" data-e-type=\"section\" data-settings=\"{&quot;stretch_section&quot;:&quot;section-stretched&quot;,&quot;background_background&quot;:&quot;classic&quot;,&quot;background_motion_fx_motion_fx_scrolling&quot;:&quot;yes&quot;,&quot;background_motion_fx_translateY_effect&quot;:&quot;yes&quot;,&quot;shape_divider_bottom&quot;:&quot;mountains&quot;,&quot;background_motion_fx_translateY_speed&quot;:{&quot;unit&quot;:&quot;px&quot;,&quot;size&quot;:4,&quot;sizes&quot;:[]},&quot;background_motion_fx_translateY_affectedRange&quot;:{&quot;unit&quot;:&quot;%&quot;,&quot;size&quot;:&quot;&quot;,&quot;sizes&quot;:{&quot;start&quot;:0,&quot;end&quot;:100}},&quot;background_motion_fx_devices&quot;:[&quot;desktop&quot;,&quot;tablet&quot;,&quot;mobile&quot;]}\">\n\t\t\t\t\t\t\t<div class=\"elementor-background-overlay\"><\/div>\n\t\t\t\t\t\t<div class=\"elementor-shape elementor-shape-bottom\" aria-hidden=\"true\" data-negative=\"false\">\n\t\t\t<svg xmlns=\"http:\/\/www.w3.org\/2000\/svg\" viewBox=\"0 0 1000 100\" preserveAspectRatio=\"none\">\n\t<path class=\"elementor-shape-fill\" opacity=\"0.33\" d=\"M473,67.3c-203.9,88.3-263.1-34-320.3,0C66,119.1,0,59.7,0,59.7V0h1000v59.7 c0,0-62.1,26.1-94.9,29.3c-32.8,3.3-62.8-12.3-75.8-22.1C806,49.6,745.3,8.7,694.9,4.7S492.4,59,473,67.3z\"\/>\n\t<path class=\"elementor-shape-fill\" opacity=\"0.66\" d=\"M734,67.3c-45.5,0-77.2-23.2-129.1-39.1c-28.6-8.7-150.3-10.1-254,39.1 s-91.7-34.4-149.2,0C115.7,118.3,0,39.8,0,39.8V0h1000v36.5c0,0-28.2-18.5-92.1-18.5C810.2,18.1,775.7,67.3,734,67.3z\"\/>\n\t<path class=\"elementor-shape-fill\" d=\"M766.1,28.9c-200-57.5-266,65.5-395.1,19.5C242,1.8,242,5.4,184.8,20.6C128,35.8,132.3,44.9,89.9,52.5C28.6,63.7,0,0,0,0 h1000c0,0-9.9,40.9-83.6,48.1S829.6,47,766.1,28.9z\"\/>\n<\/svg>\t\t<\/div>\n\t\t\t\t\t<div class=\"elementor-container elementor-column-gap-wider\">\n\t\t\t\t\t<div class=\"elementor-column elementor-col-100 elementor-top-column elementor-element elementor-element-44d2911a\" data-id=\"44d2911a\" data-element_type=\"column\" data-e-type=\"column\" data-settings=\"{&quot;background_background&quot;:&quot;classic&quot;}\">\n\t\t\t<div class=\"elementor-widget-wrap elementor-element-populated\">\n\t\t\t\t\t\t<div class=\"elementor-element elementor-element-6555d69b elementor-widget elementor-widget-heading\" data-id=\"6555d69b\" data-element_type=\"widget\" data-e-type=\"widget\" data-widget_type=\"heading.default\">\n\t\t\t\t<div class=\"elementor-widget-container\">\n\t\t\t\t\t<h1 class=\"elementor-heading-title elementor-size-default\">Datenschutz<\/h1>\t\t\t\t<\/div>\n\t\t\t\t<\/div>\n\t\t\t\t\t<\/div>\n\t\t<\/div>\n\t\t\t\t\t<\/div>\n\t\t<\/section>\n\t\t<div class=\"elementor-element elementor-element-8eaefae e-flex e-con-boxed e-con e-parent\" data-id=\"8eaefae\" data-element_type=\"container\" data-e-type=\"container\">\n\t\t\t\t\t<div class=\"e-con-inner\">\n\t\t\t\t<div class=\"elementor-element elementor-element-8d98769 elementor-widget elementor-widget-heading\" data-id=\"8d98769\" data-element_type=\"widget\" data-e-type=\"widget\" data-widget_type=\"heading.default\">\n\t\t\t\t<div class=\"elementor-widget-container\">\n\t\t\t\t\t<h2 class=\"elementor-heading-title elementor-size-default\">Datenschutzinformation<\/h2>\t\t\t\t<\/div>\n\t\t\t\t<\/div>\n\t\t\t\t<div class=\"elementor-element elementor-element-920c116 elementor-widget elementor-widget-spacer\" data-id=\"920c116\" data-element_type=\"widget\" data-e-type=\"widget\" data-widget_type=\"spacer.default\">\n\t\t\t\t<div class=\"elementor-widget-container\">\n\t\t\t\t\t\t\t<div class=\"elementor-spacer\">\n\t\t\t<div class=\"elementor-spacer-inner\"><\/div>\n\t\t<\/div>\n\t\t\t\t\t\t<\/div>\n\t\t\t\t<\/div>\n\t\t\t\t<div class=\"elementor-element elementor-element-fba1ea0 elementor-widget elementor-widget-text-editor\" data-id=\"fba1ea0\" data-element_type=\"widget\" data-e-type=\"widget\" data-widget_type=\"text-editor.default\">\n\t\t\t\t<div class=\"elementor-widget-container\">\n\t\t\t\t\t\t\t\t\t<p class=\"p1\">Wir verarbeiten personenbezogene Daten, die beim Besuch unserer Website erhoben werden, unter Beachtung der geltenden datenschutzrechtlichen Bestimmungen, insbesondere der EU-Datenschutz-Grundverordnung (DSGVO) und des Landesdatenschutzgesetzes Mecklenburg-Vorpommern (DSG M-V).<\/p><p class=\"p1\">Der Verantwortliche im Sinne der Datenschutz-Grundverordnung und anderer nationaler Datenschutzgesetze der Mitgliedsstaaten sowie sonstiger datenschutzrechtlicher Bestimmungen ist die:<\/p><p class=\"p1\">Universit\u00e4t Greifswald<\/p><p class=\"p1\">Gesetzlich vertreten durch die Rektorin<br \/><span style=\"text-align: var(--text-align); background-color: rgba(255, 255, 255, 0); color: var(--the7-base-color); letter-spacing: var(--the7-base-letter-spacing); text-transform: var(--the7-base-text-transform); word-spacing: normal;\">Prof. Dr. Katharina Riedel<\/span><\/p><p class=\"p1\">Domstra\u00dfe 11<br \/><span style=\"text-align: var(--text-align); background-color: rgba(255, 255, 255, 0); color: var(--the7-base-color); letter-spacing: var(--the7-base-letter-spacing); text-transform: var(--the7-base-text-transform); word-spacing: normal;\">17489 Greifswald<\/span><\/p><p class=\"p1\">Telefon +49 3834 420 0<br \/><span style=\"text-align: var(--text-align); background-color: rgba(255, 255, 255, 0); color: var(--the7-base-color); letter-spacing: var(--the7-base-letter-spacing); text-transform: var(--the7-base-text-transform); word-spacing: normal;\">Telefax +49 3834 420 1105<\/span><\/p><p class=\"p1\"><span class=\"s1\"><a>rektorin@uni-greifswald.de<\/a><\/span><\/p><h3 class=\"p1\">Rechtsgrundlagen<\/h3><p class=\"p1\">Soweit die Universit\u00e4t f\u00fcr die Erhebung personenbezogener Daten eine Einwilligung (u. a. Kontaktformular, Newsletter) der betroffenen Person einholt, dient Art. 6 Abs. 1 lit. a DSGVO als Rechtsgrundlage.<\/p><h3 class=\"p1\">Protokollierung<\/h3><p class=\"p1\">Bei jedem Zugriff auf unsere Website werden zum Zwecke der Datensicherheit und zu statistischen Zwecken folgende Daten in Protokolldateien gespeichert:<\/p><p class=\"p1\">\u2022 IP-Adresse,<\/p><p class=\"p1\">\u2022 Zeitpunkt des Zugriffs,<\/p><p class=\"p1\">\u2022 UserAgent (verwendeter Browser und genutztes Betriebssystem),<\/p><p class=\"p1\">\u2022 aufgerufene Seiten- bzw. Inhaltselemente und<\/p><p class=\"p1\">\u2022 sofern mitgeliefert Referrer URL (die zuvor besuchte Seite).<\/p><p class=\"p1\">Zweck der Protokollierung ist die Erkennung, Eingrenzung und Beseitigung von St\u00f6rungen sowie die Aufdeckung von Missbrauch gem. \u00a7 12 Abs. 1 und 4 TDDDG. Eine Zusammenf\u00fchrung der IP-Adresse mit anderen Datenbest\u00e4nden erfolgt nicht. Die Daten werden maximal sieben Tage gespeichert, danach werden sie in anonymisierter Form f\u00fcr die Zugriffsstatistik weiter aufbewahrt. Unsere Webseite verwendet f\u00fcr die Zugriffsstatistik die Open-Source-Software AWStats. Hierbei werden keine personenbezogenen Daten gespeichert.<\/p><h3 class=\"p1\">Cookies<\/h3><p class=\"p1\">Beim Besuch unserer Website werden sogenannte \u201eSession-Cookies\u201c auf Ihrem Rechner abgelegt und gespeichert. Rechtsgrundlage hierf\u00fcr ist \u00a7 25 Abs. 2 TDDDG. Cookies sind kleine Textdateien, die dazu dienen, dass Internetangebot nutzerfreundlicher, effektiver und sicherer zu machen. Sie richten auf Ihrem Rechner keinen Schaden an und enthalten keine Viren. In der Regel werden Session-Cookies nach Ende Ihres Besuches unserer Website automatisch gel\u00f6scht. Sie haben die M\u00f6glichkeit durch entsprechende Einstellungen in Ihrem Browser das Speichern von Cookies zu deaktivieren. Bitte beachten Sie, dass Sie durch die Deaktivierung gegebenenfalls nicht alle Funktionen unserer Website vollumf\u00e4nglich nutzen k\u00f6nnen.<\/p><h3 class=\"p1\">Soziale Netzwerke und Streaming-Dienste<\/h3><p class=\"p1\">Um der \u00d6ffentlichkeit ein vielf\u00e4ltiges Angebot an Informationen bereitzustellen sowie eine zus\u00e4tzliche Kommunikation mit den Nutzern zu gew\u00e4hrleisten, betreibt One-Health-Region Vorpommern neben dieser Website Onlinepr\u00e4senzen auf den Social Media-Plattformen Instagram und LinkedIn. Zus\u00e4tzlich haben Sie bei den Streaming-Diensten Deezer, Spotify und Google Podcasts die M\u00f6glichkeit, unsere Podcasts abzuspielen.<\/p><p class=\"p1\">Bei einem Besuch unserer Profile oder dem Aufruf unserer Podcasts auf den vorgenannten Plattformen k\u00f6nnen Daten der Nutzer*innen au\u00dferhalb des Raumes der Europ\u00e4ischen Union verarbeitet werden, wodurch ein geringeres Datenschutzniveau besteht. Die Verarbeitung Ihrer personenbezogenen Daten erfolgt durch die externen Betreiber dieser sozialen Netzwerke basierend auf deren Datenschutzerkl\u00e4rungen. Bitte informieren Sie sich bei den entsprechenden Betreibern \u00fcber Art und Umfang der Verarbeitung. F\u00fcr Auskunftsanfragen und Geltendmachung von Rechten wenden Sie sich bitte direkt an den jeweiligen Betreiber der Plattform, da nur dieser Zugriff auf Ihre Nutzerdaten hat.<\/p><p><strong>LinkedIn (LinkedIn Ireland Unlimited Company, Wilton Place, Dublin 2, Ireland)<br \/><\/strong><br \/>Datenschutzerkl\u00e4rung: <a href=\"https:\/\/www.linkedin.com\/legal\/privacy-policy\"><span class=\"s1\">https:\/\/www.linkedin.com\/legal\/privacy-policy<\/span><\/a><\/p><p class=\"p1\">Nutzungsbedingungen: <a href=\"https:\/\/www.linkedin.com\/legal\/user-agreement\"><span class=\"s1\">https:\/\/www.linkedin.com\/legal\/user-agreement<\/span><\/a><\/p><p class=\"p1\">Impressum: <a href=\"https:\/\/www.linkedin.com\/legal\/impressum?trk=hb_ft_copy\"><span class=\"s1\">https:\/\/www.linkedin.com\/legal\/impressum?trk=hb_ft_copy<\/span><\/a><\/p><p><strong>Instagram (Facebook Ireland Limited, 4 Grand Canal Square, Dublin 2, Irland)<\/strong><\/p><p>Datenschutzerkl\u00e4rung: <a href=\"https:\/\/help.instagram.com\/519522125107875\"><span class=\"s1\">https:\/\/help.instagram.com\/519522125107875<\/span><\/a><\/p><p class=\"p1\">Nutzungsbedingungen und Impressum: <a href=\"https:\/\/help.instgram.com\/581066165581870\"><span class=\"s1\">https:\/\/help.instgram.com\/581066165581870<\/span><\/a><\/p><p><strong>Deezer (limited company, 24 rue de Calais 75009 Paris, Frankreich)<\/strong><\/p><p class=\"p1\">Datenschutzerkl\u00e4rung: <a href=\"https:\/\/www.deezer.com\/legal\/personal-datas\">https:\/\/www.deezer.com\/legal\/personal-datas<\/a><\/p><p class=\"p1\">Nutzungsbedingungen: <a href=\"https:\/\/www.deezer.com\/legal\/cgu\">https:\/\/www.deezer.com\/legal\/cgu<\/a><\/p><p class=\"p1\">Impressum: <a href=\"https:\/\/www.deezer.com\/legal\/legal\">https:\/\/www.deezer.com\/legal\/legal<\/a><\/p><p><strong>Spotify AB (Regeringsgatan 19, SE-111 53 Stockholm, Schweden)<\/strong><\/p><p class=\"p1\">Datenschutzerkl\u00e4rung: <a href=\"https:\/\/www.spotify.com\/de\/privacy\"><span class=\"s1\">https:\/\/www.spotify.com\/de\/privacy<\/span><\/a>, <a href=\"https:\/\/www.spotify.com\/de\/legal\/privacy-policy\/\"><span class=\"s1\">https:\/\/www.spotify.com\/de\/legal\/privacy-policy\/<\/span><\/a><\/p><p class=\"p1\">Nutzungsbedingungen: <a href=\"https:\/\/www.spotify.com\/de\/legal\/end-user-agreement\/\"><span class=\"s1\">https:\/\/www.spotify.com\/de\/legal\/end-user-agreement\/<\/span><\/a><\/p><p class=\"p1\">Impressum: <a href=\"https:\/\/www.spotify.com\/de\/about-us\/impressum\/\"><span class=\"s1\">https:\/\/www.spotify.com\/de\/about-us\/impressum\/<\/span><\/a><\/p><p><strong>Google Podcasts (Google Ireland Limited, Gordon House, Barrow Street, Dublin 4, Ireland)<\/strong><\/p><p class=\"p1\">Datenschutzerkl\u00e4rung: <a href=\"https:\/\/policies.google.com\/privacy?hl=de\"><span class=\"s1\">https:\/\/policies.google.com\/privacy?hl=de<\/span><\/a><\/p><p class=\"p1\">Nutzungsbedingungen: <a href=\"https:\/\/policies.google.com\/terms?hl=de\"><span class=\"s1\">https:\/\/policies.google.com\/terms?hl=de<\/span><\/a><\/p><p class=\"p1\">Impressum: <a href=\"https:\/\/www.google.de\/contact\/impressum.html\"><span class=\"s1\">https:\/\/www.google.de\/contact\/impressum.html<\/span><\/a><\/p><p class=\"p1\"><strong>Die Nutzung dieser Dienste ist nicht erforderlich, um mit uns in Kontakt zu treten oder unsere Informationen zu erhalten. Grunds\u00e4tzlich sind die Informationen, die wir \u00fcber diese Dienste ver\u00f6ffentlichen, in gleicher oder \u00e4hnlicher Form auf den Internetseiten von onehealth-region.de zu finden. <\/strong><\/p><p class=\"p1\">Sofern Sie uns kontaktieren m\u00f6chten, verwenden wir Ihre dabei \u00fcbermittelten personenbezogenen Daten (z.B. Name, Telefonnummer, eMail-Adresse) ausschlie\u00dflich zum Zwecke der Beantwortung Ihrer Anfrage. Ihre Daten werden anschlie\u00dfend umgehend gel\u00f6scht und nicht an Dritte weitergegeben.<\/p><h3 class=\"p1\">Ihre Rechte<\/h3><p class=\"p1\">Sie haben das Recht, eine erteilte Einwilligung in die Verarbeitung personenbezogener Daten jederzeit und ohne Angaben von Gr\u00fcnden mit Wirkung f\u00fcr die Zukunft schriftlich gegen\u00fcber der Universit\u00e4t Greifswald, Zentrum f\u00fcr Forschungsf\u00f6rderung und Transfer, Wollweberstra\u00dfe 1, 17489 Greifswald oder per E-Mail an<\/p><p class=\"p1\"><span class=\"s1\"><a href=\"mailto:%22onehealth-region%22%20%3Conehealth-region@uni-greifswald.de%3E\">onehealth-region@uni-greifswald.de<\/a><\/span> zu widerrufen.<\/p><p class=\"p1\">Dar\u00fcber hinaus haben Sie das Recht, auf Antrag unentgeltliche Auskunft \u00fcber Ihre gespeicherten personenbezogenen Daten, deren Herkunft und Empf\u00e4nger, den Zweck und die Dauer der Datenverarbeitung zu erhalten. Zus\u00e4tzlich haben Sie unter bestimmten Voraussetzungen das Recht auf Berichtigung, auf Einschr\u00e4nkung der Verarbeitung (z. B. Sperrung), auf L\u00f6schung sowie auf die Daten\u00fcbertragbarkeit Ihrer Daten.<\/p><p class=\"p1\">Ferner haben Sie das Recht, bei der zust\u00e4ndigen Aufsichtsbeh\u00f6rde f\u00fcr den Datenschutz eine Beschwerde einzureichen, wenn Sie der Ansicht sind, dass die Verarbeitung Ihrer personenbezogenen Daten nicht rechtm\u00e4\u00dfig erfolgt. Zust\u00e4ndige Aufsichtsbeh\u00f6rde ist:<\/p><p class=\"p1\">Der Landesbeauftragte f\u00fcr Datenschutz und Informationsfreiheit Mecklenburg-Vorpommern<\/p><p class=\"p1\">Werderstra\u00dfe 74a<\/p><p class=\"p1\">19055 Schwerin<\/p><p class=\"p1\"><strong>Bei Fragen zum Datenschutz k\u00f6nnen Sie sich an den beh\u00f6rdlichen Datenschutzbeauftragten der Universit\u00e4t wenden:<\/strong><\/p><p class=\"p1\">Dominique Kandzia<br \/>SIS \u2013 Schweriner IT- und Servicegesellschaft mbH<\/p><p class=\"p1\">Eckdrift 93, 19061 Schwerin<\/p><p class=\"p1\">Telefon +49 385 20092 1218<\/p><p class=\"p1\"><span class=\"s1\"><a href=\"mailto:datenschuetzer@uni-greifswald.de\">datenschuetzer@uni-greifswald.de<\/a><\/span><\/p><p class=\"p1\"><b>Kontakt<\/b><br \/>Universit\u00e4t Greifswald<br \/>Zentrum f\u00fcr Forschungsf\u00f6rderung und Transfer<\/p><p class=\"p1\">Wollweberstra\u00dfe 1<br \/>17489 Greifswald<\/p><p class=\"p1\">Telefon +49 3834 420 1188<\/p><p class=\"p1\"><span class=\"s1\"><a href=\"mailto:%22onehealth-region%22%20%3Conehealth-region@uni-greifswald.de%3E\">onehealth-region@uni-greifswald.de<\/a><\/span><\/p>\t\t\t\t\t\t\t\t<\/div>\n\t\t\t\t<\/div>\n\t\t\t\t\t<\/div>\n\t\t\t\t<\/div>\n\t\t<div class=\"elementor-element elementor-element-3adc9e6 e-flex e-con-boxed e-con e-parent\" data-id=\"3adc9e6\" data-element_type=\"container\" data-e-type=\"container\">\n\t\t\t\t\t<div class=\"e-con-inner\">\n\t\t\t\t<div class=\"elementor-element elementor-element-3c38044 elementor-widget elementor-widget-spacer\" data-id=\"3c38044\" data-element_type=\"widget\" data-e-type=\"widget\" data-widget_type=\"spacer.default\">\n\t\t\t\t<div class=\"elementor-widget-container\">\n\t\t\t\t\t\t\t<div class=\"elementor-spacer\">\n\t\t\t<div class=\"elementor-spacer-inner\"><\/div>\n\t\t<\/div>\n\t\t\t\t\t\t<\/div>\n\t\t\t\t<\/div>\n\t\t\t\t\t<\/div>\n\t\t\t\t<\/div>\n\t\t\t\t<\/div>\n\t\t","protected":false},"excerpt":{"rendered":"<p>Datenschutzinformation Wir verarbeiten personenbezogene Daten, die beim Besuch unserer Website erhoben werden, unter Beachtung der geltenden datenschutzrechtlichen Bestimmungen, insbesondere der EU-Datenschutz-Grundverordnung (DSGVO) und des Landesdatenschutzgesetzes Mecklenburg-Vorpommern (DSG M-V). Der Verantwortliche im Sinne der Datenschutz-Grundverordnung und anderer nationaler Datenschutzgesetze der Mitgliedsstaaten sowie sonstiger datenschutzrechtlicher Bestimmungen ist die: Universit\u00e4t Greifswald Gesetzlich vertreten durch die RektorinProf. Dr. Katharina&hellip;<\/p>","protected":false},"author":2,"featured_media":712,"parent":0,"menu_order":30,"comment_status":"closed","ping_status":"closed","template":"","meta":{"footnotes":""},"class_list":["post-86384","page","type-page","status-publish","has-post-thumbnail","hentry"],"_links":{"self":[{"href":"https:\/\/onehealth-region.de\/en\/wp-json\/wp\/v2\/pages\/86384","targetHints":{"allow":["GET"]}}],"collection":[{"href":"https:\/\/onehealth-region.de\/en\/wp-json\/wp\/v2\/pages"}],"about":[{"href":"https:\/\/onehealth-region.de\/en\/wp-json\/wp\/v2\/types\/page"}],"author":[{"embeddable":true,"href":"https:\/\/onehealth-region.de\/en\/wp-json\/wp\/v2\/users\/2"}],"replies":[{"embeddable":true,"href":"https:\/\/onehealth-region.de\/en\/wp-json\/wp\/v2\/comments?post=86384"}],"version-history":[{"count":0,"href":"https:\/\/onehealth-region.de\/en\/wp-json\/wp\/v2\/pages\/86384\/revisions"}],"wp:featuredmedia":[{"embeddable":true,"href":"https:\/\/onehealth-region.de\/en\/wp-json\/wp\/v2\/media\/712"}],"wp:attachment":[{"href":"https:\/\/onehealth-region.de\/en\/wp-json\/wp\/v2\/media?parent=86384"}],"curies":[{"name":"wp","href":"https:\/\/api.w.org\/{rel}","templated":true}]}}